{"id":1447,"date":"2022-07-19T14:59:17","date_gmt":"2022-07-19T14:59:17","guid":{"rendered":"https:\/\/mikado-messebau.de\/impressum"},"modified":"2022-08-23T08:42:43","modified_gmt":"2022-08-23T08:42:43","slug":"impressum","status":"publish","type":"page","link":"https:\/\/mikado-messebau.de\/en\/impressum","title":{"rendered":"Imprint"},"content":{"rendered":"<p>[et_pb_section fb_built=&#8221;1&#8243; _builder_version=&#8221;4.17.6&#8243; _module_preset=&#8221;default&#8221; background_color=&#8221;#333333&#8243; custom_padding=&#8221;25px||0px|||&#8221; saved_tabs=&#8221;all&#8221; global_colors_info=&#8221;{}&#8221;][et_pb_row _builder_version=&#8221;4.17.6&#8243; _module_preset=&#8221;default&#8221; custom_padding=&#8221;11px|||||&#8221; global_colors_info=&#8221;{}&#8221;][et_pb_column type=&#8221;4_4&#8243; _builder_version=&#8221;4.17.6&#8243; _module_preset=&#8221;default&#8221; global_colors_info=&#8221;{}&#8221;][et_pb_text _builder_version=&#8221;4.18.0&#8243; _module_preset=&#8221;default&#8221; hover_enabled=&#8221;0&#8243; global_colors_info=&#8221;{}&#8221; sticky_enabled=&#8221;0&#8243;]<\/p>\n<div class=\"wpb_text_column wpb_content_element \">\n<h1 class=\"wpb_wrapper\"><strong>Imprint<\/strong><\/h1>\n<\/div>\n<p>[\/et_pb_text][et_pb_text _builder_version=&#8221;4.18.0&#8243; _module_preset=&#8221;default&#8221; hover_enabled=&#8221;0&#8243; global_colors_info=&#8221;{}&#8221; sticky_enabled=&#8221;0&#8243;]<\/p>\n<div id=\"s3-well\" class=\"well s3-valid\" style=\"display: block;\">\n<div class=\"s3-t s3-t0\" style=\"display: block;\">\u00a0<\/div>\n<div class=\"s3-t s3-t12\" style=\"display: block;\">\n<div class=\"vc_row wpb_row vc_row-fluid ult-vc-hide-row vc_row-has-fill\" style=\"position: relative;\" data-rtl=\"false\" data-row-effect-mobile-disable=\"true\">\n<div class=\"wpb_column vc_column_container vc_col-sm-6\">\n<div class=\"vc_column-inner \">\n<div class=\"wpb_wrapper\">\n<div class=\"wpb_text_column wpb_content_element \">\n<div class=\"wpb_wrapper\">\n<p>HERAUSGEBER<\/p>\n<\/div>\n<\/div>\n<\/div>\n<\/div>\n<\/div>\n<div class=\"wpb_column vc_column_container vc_col-sm-6\">\n<div class=\"vc_column-inner \">\n<div class=\"wpb_wrapper\">\n<div class=\"wpb_text_column wpb_content_element \">\n<div class=\"wpb_wrapper\">\n<p>Angaben gem\u00e4\u00df \u00a7 5 TMG<\/p>\n<\/div>\n<\/div>\n<\/div>\n<\/div>\n<\/div>\n<\/div>\n<div class=\"vc_row wpb_row vc_row-fluid ult-vc-hide-row vc_row-has-fill\" style=\"position: relative;\" data-rtl=\"false\" data-row-effect-mobile-disable=\"true\">\n<div class=\"upb_row_bg\" style=\"min-width: 1130px; left: 0px; width: 1130px;\" data-bg-override=\"0\">\u00a0<\/div>\n<div class=\"wpb_column vc_column_container vc_col-sm-6\">\n<div class=\"vc_column-inner \">\n<div class=\"wpb_wrapper\">\n<div class=\"wpb_text_column wpb_content_element \">\n<div class=\"wpb_wrapper\">\n<p>mikado messedesign international GmbH<br \/>Isotexstra\u00dfe 1<br \/>D-86899 Landsberg am Lech<\/p>\n<p>Telefon: ++49 (0) 8191-47863-0<br \/>Fax: ++49 (0) 8191-47863-10<\/p>\n<p>&nbsp;<\/p>\n<\/div>\n<\/div>\n<\/div>\n<\/div>\n<\/div>\n<div class=\"wpb_column vc_column_container vc_col-sm-6\">\n<div class=\"vc_column-inner \">\n<div class=\"wpb_wrapper\">\n<div class=\"wpb_text_column wpb_content_element \">\n<div class=\"wpb_wrapper\">\n<p>Gesch\u00e4ftsf\u00fchrer: Michael Huss<br \/>Handelsregister Augsburg<br \/>HRB: 22324<\/p>\n<p>e-Mail: <a href=\"mailto:info@mikado-messebau.de\">info@mikado-messebau.de<\/a><br \/><a href=\"http:\/\/www.mikado-messebau.de\">www.mikado-messebau.de<\/a><\/p>\n<\/div>\n<\/div>\n<\/div>\n<\/div>\n<\/div>\n<\/div>\n<div class=\"vc_row wpb_row vc_row-fluid\">\n<div class=\"wpb_column vc_column_container vc_col-sm-12\">\n<div class=\"vc_column-inner \">\n<div class=\"wpb_wrapper\">\n<div class=\"vc_separator wpb_content_element vc_separator_align_center vc_sep_width_100 vc_sep_pos_align_center vc_separator_no_text vc_sep_color_grey\">\u00a0<\/div>\n<\/div>\n<\/div>\n<\/div>\n<\/div>\n<\/div>\n<div class=\"s3-t s3-t0\" style=\"display: block;\">\u00a0<\/div>\n<\/div>\n<p class=\"s3-valid\" style=\"display: block;\">[\/et_pb_text][\/et_pb_column][\/et_pb_row][et_pb_row column_structure=&#8221;3_4,1_4&#8243; _builder_version=&#8221;4.17.6&#8243; _module_preset=&#8221;default&#8221; custom_padding=&#8221;0px|||||&#8221; global_colors_info=&#8221;{}&#8221;][et_pb_column type=&#8221;3_4&#8243; _builder_version=&#8221;4.17.6&#8243; _module_preset=&#8221;default&#8221; global_colors_info=&#8221;{}&#8221;][et_pb_text _builder_version=&#8221;4.17.6&#8243; _module_preset=&#8221;default&#8221; global_colors_info=&#8221;{}&#8221;]<\/p>\n<div class=\"vc_row wpb_row vc_row-fluid ult-vc-hide-row vc_row-has-fill\" style=\"position: relative;\" data-rtl=\"false\" data-row-effect-mobile-disable=\"true\">\n<div class=\"wpb_column vc_column_container vc_col-sm-12\">\n<div class=\"vc_column-inner \">\n<div class=\"wpb_wrapper\">\n<div class=\"wpb_text_column wpb_content_element \">\n<div class=\"wpb_wrapper\"><\/div>\n<\/div>\n<\/div>\n<\/div>\n<\/div>\n<\/div>\n<div class=\"vc_row wpb_row vc_row-fluid ult-vc-hide-row vc_row-has-fill\" style=\"position: relative;\" data-rtl=\"false\" data-row-effect-mobile-disable=\"true\">\n<div class=\"wpb_column vc_column_container vc_col-sm-12\">\n<div class=\"vc_column-inner \">\n<div class=\"wpb_wrapper\">\n<div class=\"wpb_text_column wpb_content_element \">\n<div class=\"wpb_wrapper\">\n<h3>DISCLAIMER<\/h3>\n<p>COPYRIGHT<br \/>Inhalt und Struktur der mikado messedesign international GmbH Website sind urheberrechtlich gesch\u00fctzt. Vervielf\u00e4ltigung der hier ver\u00f6ffentlichten Inhalte bed\u00fcrfen der vorherigen Zustimmung der mikado messedesign international GmbH.<\/p>\n<p>RECHTSHINWEIS<br \/>Die mikado messedesign international GmbH \u00fcbernimmt keine Haftung f\u00fcr die Richtigkeit, Vollst\u00e4ndigkeit und Aktualit\u00e4t der zur Verf\u00fcgung gestellten Informationen. Gleiches gilt auch f\u00fcr alle anderen Websites, auf die mittels Hyperlink verwiesen wird, da wir f\u00fcr den Inhalt nicht verantwortlich sind.<\/p>\n<p>HAFTUNGSAUSSCHLUSS<br \/>Nach dem Teledienstgesetz (TDG) ist die \u201emikado messedesign GmbH\u201c nicht dazu verpflichtet, die Inhalte fremder Anbieter, auf die sie verweist, st\u00e4ndig auf zivil- oder strafrechtliche Verantwortlichkeit neu zu \u00fcberpr\u00fcfen. Haftung sowie Garantie auf Richtigkeit, Vollst\u00e4ndigkeit und Aktualit\u00e4t der Inhalte kann durch die \u201emikado messedesign GmbH\u201c daher nicht \u00fcbernommen werden.<\/p>\n<p>DATENSCHUTZ<br \/>Sofern innerhalb des Internetangebotes die M\u00f6glichkeit zur Eingabe pers\u00f6nlicher oder gesch\u00e4ftlicher Daten (E-Mailadressen, Namen, Anschriften) besteht, so erfolgt die Preisgabe dieser Daten seitens des Nutzers auf ausdr\u00fccklich freiwilliger Basis. Die Nutzung der im Rahmen des Impressums oder vergleichbarer Angaben ver\u00f6ffentlichten Kontaktdaten wie Postanschriften, Telefon- und Faxnummern sowie E-Mailadressen durch Dritte zur \u00dcbersendung von nicht ausdr\u00fccklich angeforderten Informationen ist nicht gestattet. Rechtliche Schritte gegen die Versender von sogenannten Spam-Mails bei Verst\u00f6\u00dfen gegen das Verbot sind ausdr\u00fccklich vorbehalten.<\/p>\n<\/div>\n<\/div>\n<\/div>\n<\/div>\n<\/div>\n<\/div>\n<p>[\/et_pb_text][\/et_pb_column][et_pb_column type=&#8221;1_4&#8243; _builder_version=&#8221;4.17.6&#8243; _module_preset=&#8221;default&#8221; global_colors_info=&#8221;{}&#8221;][\/et_pb_column][\/et_pb_row][\/et_pb_section]<\/p>","protected":false},"excerpt":{"rendered":"<p>Imprint \u00a0 HERAUSGEBER Angaben gem\u00e4\u00df \u00a7 5 TMG \u00a0 mikado messedesign international GmbHIsotexstra\u00dfe 1D-86899 Landsberg am Lech Telefon: ++49 (0) 8191-47863-0Fax: ++49 (0) 8191-47863-10 &nbsp; Gesch\u00e4ftsf\u00fchrer: Michael HussHandelsregister AugsburgHRB: 22324 e-Mail: info@mikado-messebau.dewww.mikado-messebau.de \u00a0 \u00a0 DISCLAIMER COPYRIGHTInhalt und Struktur der mikado messedesign international GmbH Website sind urheberrechtlich gesch\u00fctzt. Vervielf\u00e4ltigung der hier ver\u00f6ffentlichten Inhalte bed\u00fcrfen der vorherigen [&hellip;]<\/p>\n","protected":false},"author":1,"featured_media":0,"parent":0,"menu_order":0,"comment_status":"closed","ping_status":"closed","template":"","meta":{"_et_pb_use_builder":"on","_et_pb_old_content":"","_et_gb_content_width":"","footnotes":""},"class_list":["post-1447","page","type-page","status-publish","hentry"],"_links":{"self":[{"href":"https:\/\/mikado-messebau.de\/en\/wp-json\/wp\/v2\/pages\/1447","targetHints":{"allow":["GET"]}}],"collection":[{"href":"https:\/\/mikado-messebau.de\/en\/wp-json\/wp\/v2\/pages"}],"about":[{"href":"https:\/\/mikado-messebau.de\/en\/wp-json\/wp\/v2\/types\/page"}],"author":[{"embeddable":true,"href":"https:\/\/mikado-messebau.de\/en\/wp-json\/wp\/v2\/users\/1"}],"replies":[{"embeddable":true,"href":"https:\/\/mikado-messebau.de\/en\/wp-json\/wp\/v2\/comments?post=1447"}],"version-history":[{"count":5,"href":"https:\/\/mikado-messebau.de\/en\/wp-json\/wp\/v2\/pages\/1447\/revisions"}],"predecessor-version":[{"id":1454,"href":"https:\/\/mikado-messebau.de\/en\/wp-json\/wp\/v2\/pages\/1447\/revisions\/1454"}],"wp:attachment":[{"href":"https:\/\/mikado-messebau.de\/en\/wp-json\/wp\/v2\/media?parent=1447"}],"curies":[{"name":"wp","href":"https:\/\/api.w.org\/{rel}","templated":true}]}}